{"id":13159,"date":"2024-03-05T13:25:05","date_gmt":"2024-03-05T12:25:05","guid":{"rendered":"https:\/\/www.theologie.fau.de\/?page_id=13159"},"modified":"2024-03-05T13:25:05","modified_gmt":"2024-03-05T12:25:05","slug":"institute-neu","status":"publish","type":"page","link":"https:\/\/www.theologie.fau.de\/en\/institute-neu\/","title":{"rendered":"Instituts"},"content":{"rendered":"<p>Test Page<\/p>\n<p>&nbsp;<\/p>\n<p>Der <strong>Fachbereich Theologie<\/strong> (bis 2007: Theologische Fakult\u00e4t) der Friedrich-Alexander-Universit\u00e4t Erlangen-N\u00fcrnberg (gegr\u00fcndet 1743) dient zum einen der wissenschaftlichen Ausbildung k\u00fcnftiger Pfarrer\/innen und Religionslehrer\/innen, bietet aber auch besondere Studieng\u00e4nge wie \u201eKulturgeschichte des Christentums\u201c und \u201eMedien \u2013 Ethik \u2013 Religion\u201c (Master). Mit 16 Professuren z\u00e4hlt er im bundesweiten Vergleich zu den besonders gut ausgestatteten Fachbereichen.<\/p>\n<p>Die f\u00fcnf \u00bbklassischen\u00ab Disziplinen werden von jeweils zwei oder sogar drei Professuren vertreten: die beiden biblischen F\u00e4cher Altes Testament und Neues Testament; das Fach Kirchengeschichte; die systematischen F\u00e4cher Dogmatik und Ethik; die praktischen F\u00e4cher Homiletik, Liturgik, Poimenik und Religionsp\u00e4dagogik. Dazu kommen weitere, z.T. nur in Erlangen vorhandene Studienm\u00f6glichkeiten: Geschichte und Theologie des christlichen Ostens, Religions\u2013 und Missionswissenschaft, Christliche Arch\u00e4ologie sowie Christliche Publizistik. Au\u00dferdem gibt es eine gut ausgestattete Professur f\u00fcr Kirchenmusik, welche die gesamte Universit\u00e4tsmusik bestreitet. Mitglieder des Fachbereichs sind auch an den Lehramtsstudieng\u00e4ngen in N\u00fcrnberg und Bamberg beteiligt.<\/p>\n<p>Die theologische Arbeit ist einerseits auf die kirchliche und schulische Praxis bezogen, zielt andererseits auf die Verkn\u00fcpfung von fachwissenschaftlicher Ausbildung und breiter religi\u00f6s-kultureller Orientierung. Dem dient auch die vielf\u00e4ltige interdisziplin\u00e4re Kooperation in der Universit\u00e4t, der Austausch mit der Partnerfakult\u00e4t Jena, die \u00f6kumenische Kooperation mit der Katholisch-theologischen Fakult\u00e4t in Bamberg in Vorlesungen und Seminaren. \u00dcberdies besteht eine Reihe von internationalen Kontakten (Helsinki, Hermannstadt\/Sibiu, Kostroma, Makumira, Prag, S\u00e3o Leopoldo, Smolensk, St. Andrews, Wien).<\/p>\n<p>Im Theologischen Seminargeb\u00e4ude (Kochstra\u00dfe 6) befinden sich die Bibliotheks-, Seminar- und EDV-R\u00e4ume sowie die Dienstzimmer der Dozent\/innen, der wissenschaftlichen Mitarbeiter\/innen und der Vertretung der Studierenden. Die Religions- und Missionswissenschaft ist im nahe gelegenen Jordanweg 2 untergebracht, die Kirchenmusik mit ihren Instrumenten (Orgeln, Fl\u00fcgel) in der Orangerie im Schlossgarten. Die Pr\u00e4senzbibliothek ist au\u00dfergew\u00f6hnlich reichhaltig; die gro\u00dfe Universit\u00e4tsbibliothek ist in Katalogform ebenfalls pr\u00e4sent, zudem r\u00e4umlich nicht fern. Sehr kurze Wege sind es zu den historischen, soziologischen, psychologischen und philosophischen Instituten und Bibliotheken sowie zu einigen Wohnheimen (Werner-Elert-Heim, Wohnheim des Martin-Luther-Bundes). Die Vorlesungen finden im Kollegienhaus neben der Universit\u00e4tsbibliothek oder sogar im Seminargeb\u00e4ude statt.<\/p>\n<p>\u00dcber das Lehrangebot, die Einrichtungen der Universit\u00e4t und \u00fcber die Modalit\u00e4ten der Einschreibung informieren das Vorlesungsverzeichnis der Universit\u00e4t, das f\u00fcr jedes Semester von der Studentenkanzlei herausgegebene \u201eHinweisblatt f\u00fcr Studienanf\u00e4nger und Hochschulwechsler\u201c sowie das im Internet zug\u00e4ngliche UnivIS. \u00dcber den Fachbereich Theologie informieren summarisch die folgenden Seiten.<\/p>\n<p>Auf gute Studienberatung wird gro\u00dfer Wert gelegt. Neben den Studienfachberatern stehen zur pers\u00f6nlichen Beratung alle Dozent\/innen gerne zur Verf\u00fcgung.<\/p>\n<p>Unmittelbar neben dem Theologischen Seminargeb\u00e4ude befindet sich das Haus der Evangelischen StudentInnengemeinde.<\/p>\n<p>Die als kleine Gro\u00dfstadt \u00fcberschaubare Hugenottenstadt Erlangen bietet ein religi\u00f6s und kirchlich, sozial und kulturell interessantes Umfeld.<\/p>\n","protected":false},"excerpt":{"rendered":"<p>Test Page &nbsp; Der Fachbereich Theologie (bis 2007: Theologische Fakult\u00e4t) der Friedrich-Alexander-Universit\u00e4t Erlangen-N\u00fcrnberg (gegr\u00fcndet 1743) dient zum einen der wissenschaftlichen Ausbildung k\u00fcnftiger Pfarrer\/innen und Religionslehrer\/innen, bietet aber auch besondere Studieng\u00e4nge wie \u201eKulturgeschichte des Christentums\u201c und \u201eMedien \u2013 Ethik \u2013 Religion\u201c (Master). Mit 16 Professuren z\u00e4hlt er im bundesweiten Vergleich zu den besonders gut ausgestatteten Fachbereichen. [&hellip;]<\/p>\n","protected":false},"author":3044,"featured_media":0,"parent":0,"menu_order":0,"comment_status":"closed","ping_status":"closed","template":"page-templates\/page-subnav.php","meta":{"_rrze_cache":"enabled","_access_permission":"","_rrze_multilang_single_locale":"en_GB","_rrze_multilang_single_source":"https:\/\/www.theologie.fau.de\/?page_id=3418","footnotes":""},"page_category":[],"page_tag":[],"workflow_usergroup":[],"class_list":["post-13159","page","type-page","status-publish","hentry","en-GB"],"_links":{"self":[{"href":"https:\/\/www.theologie.fau.de\/wp-json\/wp\/v2\/pages\/13159","targetHints":{"allow":["GET"]}}],"collection":[{"href":"https:\/\/www.theologie.fau.de\/wp-json\/wp\/v2\/pages"}],"about":[{"href":"https:\/\/www.theologie.fau.de\/wp-json\/wp\/v2\/types\/page"}],"author":[{"embeddable":true,"href":"https:\/\/www.theologie.fau.de\/wp-json\/wp\/v2\/users\/3044"}],"replies":[{"embeddable":true,"href":"https:\/\/www.theologie.fau.de\/wp-json\/wp\/v2\/comments?post=13159"}],"version-history":[{"count":1,"href":"https:\/\/www.theologie.fau.de\/wp-json\/wp\/v2\/pages\/13159\/revisions"}],"predecessor-version":[{"id":13164,"href":"https:\/\/www.theologie.fau.de\/wp-json\/wp\/v2\/pages\/13159\/revisions\/13164"}],"wp:attachment":[{"href":"https:\/\/www.theologie.fau.de\/wp-json\/wp\/v2\/media?parent=13159"}],"wp:term":[{"taxonomy":"page_category","embeddable":true,"href":"https:\/\/www.theologie.fau.de\/wp-json\/wp\/v2\/page_category?post=13159"},{"taxonomy":"page_tag","embeddable":true,"href":"https:\/\/www.theologie.fau.de\/wp-json\/wp\/v2\/page_tag?post=13159"},{"taxonomy":"workflow_usergroup","embeddable":true,"href":"https:\/\/www.theologie.fau.de\/wp-json\/wp\/v2\/workflow_usergroup?post=13159"}],"curies":[{"name":"wp","href":"https:\/\/api.w.org\/{rel}","templated":true}]}}